{"id":643,"date":"2023-11-19T15:45:47","date_gmt":"2023-11-19T14:45:47","guid":{"rendered":"https:\/\/bsc-einhausen.de\/cms\/?page_id=643"},"modified":"2023-12-10T12:04:22","modified_gmt":"2023-12-10T11:04:22","slug":"vereinsgeschichte","status":"publish","type":"page","link":"https:\/\/bsc-einhausen.de\/cms\/vereinsgeschichte\/","title":{"rendered":"Vereinsgeschichte"},"content":{"rendered":"\t\t<div data-elementor-type=\"wp-page\" data-elementor-id=\"643\" class=\"elementor elementor-643\">\n\t\t\t\t<div class=\"elementor-element elementor-element-3c462ff9 e-flex e-con-boxed e-con e-parent\" data-id=\"3c462ff9\" data-element_type=\"container\">\n\t\t\t\t\t<div class=\"e-con-inner\">\n\t\t\t\t<div class=\"elementor-element elementor-element-450420d3 elementor-widget elementor-widget-heading\" data-id=\"450420d3\" data-element_type=\"widget\" data-widget_type=\"heading.default\">\n\t\t\t\t<div class=\"elementor-widget-container\">\n\t\t\t<style>\/*! elementor - v3.21.0 - 18-04-2024 *\/\n.elementor-heading-title{padding:0;margin:0;line-height:1}.elementor-widget-heading .elementor-heading-title[class*=elementor-size-]>a{color:inherit;font-size:inherit;line-height:inherit}.elementor-widget-heading .elementor-heading-title.elementor-size-small{font-size:15px}.elementor-widget-heading .elementor-heading-title.elementor-size-medium{font-size:19px}.elementor-widget-heading .elementor-heading-title.elementor-size-large{font-size:29px}.elementor-widget-heading .elementor-heading-title.elementor-size-xl{font-size:39px}.elementor-widget-heading .elementor-heading-title.elementor-size-xxl{font-size:59px}<\/style><h1 class=\"elementor-heading-title elementor-size-default\">Vereinsgeschichte<\/h1>\t\t<\/div>\n\t\t\t\t<\/div>\n\t\t\t\t<div class=\"elementor-element elementor-element-789e8ffe elementor-widget elementor-widget-spacer\" data-id=\"789e8ffe\" data-element_type=\"widget\" data-widget_type=\"spacer.default\">\n\t\t\t\t<div class=\"elementor-widget-container\">\n\t\t\t<style>\/*! elementor - v3.21.0 - 18-04-2024 *\/\n.elementor-column .elementor-spacer-inner{height:var(--spacer-size)}.e-con{--container-widget-width:100%}.e-con-inner>.elementor-widget-spacer,.e-con>.elementor-widget-spacer{width:var(--container-widget-width,var(--spacer-size));--align-self:var(--container-widget-align-self,initial);--flex-shrink:0}.e-con-inner>.elementor-widget-spacer>.elementor-widget-container,.e-con>.elementor-widget-spacer>.elementor-widget-container{height:100%;width:100%}.e-con-inner>.elementor-widget-spacer>.elementor-widget-container>.elementor-spacer,.e-con>.elementor-widget-spacer>.elementor-widget-container>.elementor-spacer{height:100%}.e-con-inner>.elementor-widget-spacer>.elementor-widget-container>.elementor-spacer>.elementor-spacer-inner,.e-con>.elementor-widget-spacer>.elementor-widget-container>.elementor-spacer>.elementor-spacer-inner{height:var(--container-widget-height,var(--spacer-size))}.e-con-inner>.elementor-widget-spacer.elementor-widget-empty,.e-con>.elementor-widget-spacer.elementor-widget-empty{position:relative;min-height:22px;min-width:22px}.e-con-inner>.elementor-widget-spacer.elementor-widget-empty .elementor-widget-empty-icon,.e-con>.elementor-widget-spacer.elementor-widget-empty .elementor-widget-empty-icon{position:absolute;top:0;bottom:0;left:0;right:0;margin:auto;padding:0;width:22px;height:22px}<\/style>\t\t<div class=\"elementor-spacer\">\n\t\t\t<div class=\"elementor-spacer-inner\"><\/div>\n\t\t<\/div>\n\t\t\t\t<\/div>\n\t\t\t\t<\/div>\n\t\t\t\t\t<\/div>\n\t\t\t\t<\/div>\n\t\t<div class=\"elementor-element elementor-element-93f918c e-flex e-con-boxed e-con e-parent\" data-id=\"93f918c\" data-element_type=\"container\">\n\t\t\t\t\t<div class=\"e-con-inner\">\n\t\t\t\t<div class=\"elementor-element elementor-element-4a66cda elementor-widget elementor-widget-text-editor\" data-id=\"4a66cda\" data-element_type=\"widget\" data-widget_type=\"text-editor.default\">\n\t\t\t\t<div class=\"elementor-widget-container\">\n\t\t\t<style>\/*! elementor - v3.21.0 - 18-04-2024 *\/\n.elementor-widget-text-editor.elementor-drop-cap-view-stacked .elementor-drop-cap{background-color:#69727d;color:#fff}.elementor-widget-text-editor.elementor-drop-cap-view-framed .elementor-drop-cap{color:#69727d;border:3px solid;background-color:transparent}.elementor-widget-text-editor:not(.elementor-drop-cap-view-default) .elementor-drop-cap{margin-top:8px}.elementor-widget-text-editor:not(.elementor-drop-cap-view-default) .elementor-drop-cap-letter{width:1em;height:1em}.elementor-widget-text-editor .elementor-drop-cap{float:left;text-align:center;line-height:1;font-size:50px}.elementor-widget-text-editor .elementor-drop-cap-letter{display:inline-block}<\/style>\t\t\t\t<p>Im Jahre 1957 wurde der Ball-Spiel-Club Einhausen im damaligen Gasthaus &#8222;Zum Gr\u00fcnen Wald&#8220; gegr\u00fcndet. Man fragt sich vielleicht, ob es notwendig war, dass zu den in der Gemeinde bereits bestehenden drei sporttreibenden Vereinen noch ein weiterer ins Leben gerufen wurde, zumal mit Tischtennis, einer Sportart, die bis dahin zumindest in unserer Heimatgemeinde ziemlich unbekannt und ohne gr\u00f6\u00dfere Anh\u00e4ngerschaft war. Immerhin schien es ein fragw\u00fcrdiges Unternehmen zu sein, denn bereits etliche Jahre vorher musste die Tischtennisabteilung eines anderen hiesigen Vereins wegen fehlender Beteiligung und anderer Schwierigkeiten aufgel\u00f6st werden.<\/p><p>Inzwischen war aber, angeregt durch die sportliche Bet\u00e4tigung und insbesondere durch die Pflege des Tischtennisspiels innerhalb der katholischen Jugend, bei zahlreichen Jugendlichen eine neue Begeisterung entstanden, die sich vor allem darin zeigte, dass man sich in jeder freien Minute zun\u00e4chst im Hofe unseres Sportkameraden Heinz Glanzner, sp\u00e4ter in einem kleinen gew\u00f6lbten Kellerraum der Volksschule und schlie\u00dflich auf dem Speicher der ehemaligen Zigarrenfabrik Sch\u00f6nherr traf, um zu \u00fcben und in internen Turnieren eine Leistungsverbesserung zu erzielen.<\/p><p>Als man glaubte, auch gegen ausw\u00e4rtige Mannschaften einen achtbaren Gegner abgeben zu k\u00f6nnen, wurden die ersten Vergleichsspiele ausgetragen. Durch den positiven Ausgang solcher Spiele ermutigt, beschloss man im Sommer 1957, nachdem befragte Sportvereine wenig Neigung zeigten, nochmals eine Tischtennisabteilung aufzubauen, einen selbstst\u00e4ndigen Verein zu gr\u00fcnden, der in der Gr\u00fcndungsversammlung den Namen Ball-Spiel-Club erhielt.<\/p><p>Im gleichen Jahr wurde zum ersten Mal an der Verbandsrunde der B-Klasse teilgenommen. Die Spiele wurden im Saale Thoma ausgetragen. Die Mannschaft hatte sch\u00f6ne Erfolge zu verzeichnen und schaffte auf Anhieb den Aufstieg in die A-Klasse. Im Verlaufe der n\u00e4chsten Jahre hatte der Verein einen starken Mitgliederzuwachs zu verzeichnen, so dass nach und nach weitere Mannschaften aufgestellt werden konnten. Infolge des st\u00e4ndig zunehmenden Spielbetriebs zeigte sich alsbald, dass der Saal Thoma zu klein war, um ein ausreichendes Training und die Rundenspiele der aktiven Mannschaften ordnungsgem\u00e4\u00df durchf\u00fchren zu k\u00f6nnen. Sehnlichst wurde daher die Fertigstellung der Mehrzweckhalle erwartet. Zwischenzeitlich wurde auch noch in der fr\u00fcheren Zigarrenfabrik Hassia, dem heutigen B\u00fcrgerhaus, gespielt. Mit der Fertigstellung der Mehrzweckhalle und den sich daraus ergebenden gr\u00f6\u00dferen Spiel- und Trainingsm\u00f6glichkeiten setzte eine Aufw\u00e4rtsentwicklung ein, die niemand \u00fcr m\u00f6glich gehalten hatte. Zahlreiche Sch\u00fcler und Jugendliche stie\u00dfen zum Verein, und die interne Konkurrenz f\u00fchrte alsbald zu einer Spielst\u00e4rke, die den BSC in den folgenden Jahren zu den erfolgreichsten Vereinen im Kreisgebiet werden lie\u00dfen. W\u00e4hrend die ersten 10 Jahre nach der Vereinsgr\u00fcndung bei unzureichenden R\u00e4umlichkeiten und sehr bescheidenen finanziellen Mitteln als solide Aufbauphase bezeichnet werden m\u00fcssen, in der sich das Vereinsleben fast unter Ausschuss der \u00d6ffentlichkeit vollzog, entwickelte sich der BSC in den Jahren 1967, als er sein 10-j\u00e4hriges Bestehen in mehreren Veranstaltungen gefeiert hatte, durch explosionsartige Steigerungen in allen Bereichen zu einer beachtenswerten S\u00e4ule im Einh\u00e4user Sport- und Vereinsleben.<\/p><p>Die sportlichen Erfolge begannen, als Wolfgang G\u00e4rtner 1967 erstmals die Kreiseinzelmeisterschaft der Sch\u00fcler gewann. Im gleichen Jahre gelang der Sch\u00fclermannschaft in der Besetzung Wolfgang G\u00e4rtner, Karlheinz Seehaus, Hubert Schumacher, Berthold Wilhelm, Joachim Weber und Gerhard W\u00fcst ebenfalls zum ersten Male eine Kreis-Mannschaftsmeisterschaft. Auf Bezirksebene wurde auf Anhieb der 2. Rang erreicht. Auch die Herrenmannschaften wurden durch den jugendlichen Elan stimuliert und die zweite Mannschaft schaffte mit den Spielern Philipp Glanzner, Waldemar Dieter, Reinhold Schumacher, Heinz W\u00fcst und G\u00fcnter Massoth im Jahre 1968 die Meisterschaft der B-Klasse und den Aufstieg zur A-Klasse. In der Verbandsrunde 1968\/69 startete der BSC mit 4 Herren-, 1 Jugend- und 3 Sch\u00fclermannschaften. Kr\u00f6nender Abschluss war die Meisterschaft der 1. Mannschaft und der Aufstieg zur Bezirksklasse. Martin Hechler, Waldemar Dieter, Richard G\u00e4rtner, Edgar Schweiger, Reinhold Schumacher und Norbert Gremm waren nach 22 Spielen ungeschlagen. Aber auch den Nachwuchsspielern blieb der Erfolg treu. Im Jahre 1970 wurden die Jugend und Sch\u00fcler in den Mannschaftswettbewerben Kreismeister und Martin Hechler wurde Kreiseinzelmeister der Herren. Insgesamt wurden 9 Meistertitel errungen, woran sich die gute Breitenarbeit des Vereins erkennen l\u00e4sst. Als Anerkennung vergab der Hessische Tischtennisverband im gleichen Jahr das L\u00e4ndervergleichstreffen Hessen-Westdeutschland nach Einhausen. Die Veranstaltung wurde zu einer einzigartigen Tischtennis-Demonstration, da neben dem amtierenden deutschen Jugendmeister Baum (PSV Borussia Dortmund), Exmeister Heckwolf (Offenbach-Bieber), auch die damaligen Bundesligaspieler Deutz und Engel dabei waren.<\/p><p>Auch das Spieljahr 1970\/71 verlief \u00e4hnlich erfolgreich. Mehrere Mannschaftsmeisterschaften und zahlreiche Einzelmeisterschaften dokumentieren den weiteren sportlichen Aufstieg. In der Saison 1971\/72 konnten bereits 9 Mannschaften angemeldet werden, darunter erstmals eine M\u00e4dchenmannschaft. Der Verein war mittlerweile auf 125 Mitglieder angewachsen. St\u00e4rkster Spieler war Wolfgang G\u00e4rtner, der alle Einzeltitel auf Kreis- und Bezirksebene gewann und dabei die Bundesligaasse vom TTC M\u00f6rfelden hinter sich lie\u00df. Mit insgesamt 15 Meisterschaften wurde eine wahrhaft einmalige Bilanz erzielt. Im gleichen Jahr wurden Martin Hechler f\u00fcr 20-j\u00e4hriges aktives Spielen und Hermann Dieter, Daniel Schumacher, Philipp Glanzner, Heinz Glanzner und Richard G\u00e4rtner, sowie Edgar Schweiger f\u00fcr 15-j\u00e4hrige aktive Spielzeit mit der Spielerverdienstnadel des HTTV ausgezeichnet. In den Jahren 1972\/73 und 73\/74 konnten die Erfolge weitgehend wiederholt werden. Der BSC schien die Meisterschaften bei der Jugend, den Sch\u00fclern und Sch\u00fclerinnen abonniert zu haben. Besonders herausragend waren die Leistungen der 1.Jugend- und der gemischten Jugendmannschaft. Kreis-, Bezirks-, S\u00fcdhessenmeisterschaft und Hessenendspiel waren die Stationen dieses sieggewohnten Teams. H\u00f6hepunkt war die Vizemeisterschaft im s\u00fcdwestdeutschen Jugendfinale in Trier, die sich J\u00fcrgen Hofmann, Armin Rau, Volker Massoth, Norbert Schambach und Michael Glanzner erk\u00e4mpften. Der Kreis honorierte diese Leistungen in den Jahren 1973 und 1974 jeweils mit der Verleihung eines Silbertellers und einer Ehrenurkunde f\u00fcr die erfolgreichste Spitzen- und Breitenarbeit aller Vereine im Kreis Bergstra\u00dfe.<\/p><p>In der Zwischenzeit war ein neuer Stern aufgegangen. Heike Ha\u00dflinger eilte von Sieg zu Sieg. Ihre Leistungen, die 1975 erstmals in dem Gewinn der s\u00fcdwestdeutschen Sch\u00fclermeisterschaft gipfelten, trugen wesentlich dazu bei, dass der BSC zum dritten Male hintereinander als erfolgreichster Verein in der Nachwuchsarbeit ausgezeichnet werden konnte. Aber auch die anderen Spieler standen kaum nach. Insbesonders spielte sich Bernhard Glanzner in den Vordergrund. Er wurde 1975 Hessenmeister im gemischten Doppel und 1976 Hessenmeister im Herren-Einzel der C-Klasse. Die zahllosen Kreismeister- und Bezirksmeistertitel, die von anderen Spielern und Spielerinnen errungen wurden, k\u00f6nnen an dieser Stelle nicht aufgezeigt werden. Da kaum ein Jahr verging, in dem nicht auch mehrere Mannschafts- und Pokalmeisterschaften verzeichnet wurden, konnte allj\u00e4hrlich in der Jahreshauptversammlung von weiterem Aufschwung berichtet werden. Im Jubil\u00e4umsjahr 1977 wurde ein weiterer sportlicher H\u00f6hepunkt erreicht. Die erste Mannschaft wurde Meister der Bezirksklasse Darmstadt und schaffte den lang ersehnten Aufstieg in die Gruppenliga. Die 3. Mannschaft wurde Kreismeister der B-Klasse und stieg in die A-Klasse auf, die Sch\u00fclerinnen wurden Kreismeister und die \u00fcbrigen Mannschaften gl\u00e4nzten durch hervorragende Platzierungen. Hinzu kamen die erneuten Hessenmeisterschaften von Heike Ha\u00dflinger, die sich auch zum zweiten Mal die S\u00fcdwestdeutsche Einzelmeisterschaft der Sch\u00fclerinnen sicherte.<\/p><p>Im Jahre 1977 wurde das 20-j\u00e4hrige Vereinsbestehen gefeiert. Bei einem gro\u00dfen Festakt in der Mehrzweckhalle gaben sich die politische und sportliche Prominenz aus Nah und Fern ein Stelldichein und brachten dadurch ihre Anerkennung f\u00fcr die vielen Erfolge des jungen Vereins zum Ausdruck. Dabei wurden verdiente Sportkameraden vom Landessportbund Hessen und vom Hessischen Tischtennisverband mit Ehrungen ausgezeichnet. Die Jubil\u00e4umsfeierlichkeiten wirkten wiederum stimulierend. Erstmals konnten 13 Mannschaften f\u00fcr die Verbandsrunde gemeldet werden. Der Verein war damit an eine Grenze seiner Ausdehnungsm\u00f6glichkeiten gesto\u00dfen, da die in der Mehrzweckhalle zur Verf\u00fcgung stehenden Spielm\u00f6glichkeiten eine weitere Expansion nicht mehr zulie\u00dfen. Im gleichen Jahr wurde die M\u00e4dchenmannschaft in der Bezirksleistungsklasse ungeschlagen Meister. Au\u00dferdem wurden die Kreis- und Bezirkspokalmeisterschaften errungen. Die zweite Herrenmannschaft schaffte den Aufstieg in die Bezirksklasse.<\/p><p>Bei der Jahreshauptversammlung im Juni 1978 gab Josef Thoma das Amt des 1. Vorsitzenden nach 21 Jahren in j\u00fcngere H\u00e4nde ab. Er wurde f\u00fcr seine \u00fcberaus gro\u00dfen Verdienste um den Aufbau und die finanzielle Leistungsf\u00e4higkeit des Vereins zum Ehrenmitglied und Ehrenvorsitzenden ernannt. Auch der Landkreis Bergstra\u00dfe w\u00fcrdigte den vorbildlichen Sportsmann Josef Thoma durch eine besondere Ehrung. Hermann Dieter leitete anschlie\u00dfend den Verein von 1978 bis 1988. Er war seit der Vereinsgr\u00fcndung mit dabei und leitete die notwendigen Impulse. Das Spieljahr 1978\/79 brachte wiederum eine Vielzahl sportlicher Erfolge. Die Damenmannschaft wurde Kreis- und Bezirkspokalsieger, die f\u00fcnfte Herrenmannschaft holte sich die Meisterschaft in der D-Klasse und die C-Sch\u00fcler den Kreismeistertitel bei den j\u00fcngeren Tischtennisspielern. Die erste Sch\u00fclermannschaft wurde ebenfalls Kreispokalsieger. In den Einzelwettbewerben gab es f\u00fcnf Kreissieger und auf Bezirksebene kamen Christine Dieter, Bernhard Glanzner\/Franz Hartnagel, sowie Bernhard Glanzner\/Hungerb\u00fchler zu Meisterehren.<\/p><p>Die Saison 1979\/80 brachte ein \u00e4hnliches gutes Abschneiden. Kreismeister wurden Dietmar Forell\/Thomas Forell im Sch\u00fcler-Doppel, Christine Dieter im M\u00e4dchen-Einzel, Christine Dieter\/Steyer im Jugend-Mixed und Bernhard Glanzner\/Hungerb\u00fchler im Mixed. Die Damen und die Sch\u00fclerinnen gewannen die Kreispokalmeisterschaft. Gleichzeitig wurde das Damenquartett Meister der Kreisklasse, was den Aufstieg in die Bezirksklasse bedeutete.<\/p><p>Ein schwerer Schlag traf den Verein am 25. Juni 1980, als der langj\u00e4hrige Kassenwart und aktive Spieler Waldemar Dieter pl\u00f6tzlich verstarb.<\/p><p>Das Spieljahr 1980\/81 bescherte dem BSC erneut 7 Kreismeistertitel. Die Damen waren wiederum Kreispokalsieger geworden und die erste Sch\u00fclermannschaft war Kreisbeste. Zahlreiche Turniere sahen die Aktiven auf vorderen Pl\u00e4tzen.<\/p><p>Die Mitgliederzahl stieg dank der sch\u00f6nen Erfolge weiter an. 210 Mitglieder z\u00e4hlte der Verein im 25. Jubil\u00e4umsjahr 1982. Mit 106 Erwachsenen und 104 Kindern und Jugendlichen ergab sich eine gesunde Mischung. Der Verein gab sich gro\u00dfe M\u00fche, der starken Jugend- und Sch\u00fclerabteilung stets neue Attraktivit\u00e4ten zu bieten. Allerdings war die Kapazit\u00e4t der Mehrzweckhalle war ausgelastet und es ergaben sich naturgem\u00e4\u00df vielseitige Probleme.<\/p><p>Mit der 1982 gebauten Gro\u00dfsporthalle wurden dem Verein viele weitere Perspektiven er\u00f6ffnet.<\/p><p>Allj\u00e4hrlich m\u00fcssen ca. 8- 10000 km zur\u00fcckgelegt werden, um die Spieler zu den Verbandsspielen und den Turnieren zu bringen. Eine Vielzahl von Betreuern und \u00dcbungsleiter ist hierzu notwendig.<\/p><p>Auch die gesellschaftliche Seite wird beim BSC Einhausen gro\u00df geschrieben. Die allj\u00e4hrlichen Ausfl\u00fcge an sch\u00f6ne Ziele im In- und Ausland erfreuen sich gro\u00dfer Beliebtheit. Zahlreiche gesellige Veranstaltungen sorgen f\u00fcr einen guten Geist in der immer gr\u00f6\u00dfer werdenden Vereinsfamilie. Erw\u00e4hnenswert ist, dass sich der BSC allj\u00e4hrlich an den Ferienspielen der Gemeinde Einhausen beteiligt.<\/p><p>Von den \u00fcbergeordneten Gremien wurde der Vereinsarbeit reiche Anerkennung zuteil. Bereits wiederholt wurden Kreis- und Bezirksveranstaltungen dem BSC zu organisatorischen Abwicklung \u00fcbertragen. Mitglieder des BSC arbeiten seit Jahren im Kreis- und Bezirksvorstand mit.<\/p><p>Die Sportf\u00f6rderungsmassnahmen des Kreises Bergstra\u00dfe und der Gemeinde Einhausen haben in hervorragender Weise mit dazu beigetragen, dass sich der BSC in den 45 Jahren seines Bestehens so gut entwickeln konnte.<\/p><p>Der Ball-Spiel-Club Einhausen kann sicherlich auf eine sehr erfolgreiche Vereinsgeschichte zur\u00fcckblicken und hofft auch f\u00fcr die Zukunft auf sichere Best\u00e4ndigkeit.<\/p><p>Ball-Spiel-Club Einhausen<\/p>\t\t\t\t\t\t<\/div>\n\t\t\t\t<\/div>\n\t\t\t\t\t<\/div>\n\t\t\t\t<\/div>\n\t\t\t\t<\/div>\n\t\t","protected":false},"excerpt":{"rendered":"<p>Vereinsgeschichte Im Jahre 1957 wurde der Ball-Spiel-Club Einhausen im damaligen Gasthaus &#8222;Zum Gr\u00fcnen Wald&#8220; gegr\u00fcndet. Man fragt sich vielleicht, ob es notwendig war, dass zu den in der Gemeinde bereits bestehenden drei sporttreibenden Vereinen noch ein weiterer ins Leben gerufen wurde, zumal mit Tischtennis, einer Sportart, die bis dahin zumindest in unserer Heimatgemeinde ziemlich unbekannt [&hellip;]<\/p>\n","protected":false},"author":1,"featured_media":0,"parent":0,"menu_order":0,"comment_status":"closed","ping_status":"closed","template":"","meta":{"ocean_post_layout":"full-screen","ocean_both_sidebars_style":"","ocean_both_sidebars_content_width":0,"ocean_both_sidebars_sidebars_width":0,"ocean_sidebar":"","ocean_second_sidebar":"","ocean_disable_margins":"enable","ocean_add_body_class":"","ocean_shortcode_before_top_bar":"","ocean_shortcode_after_top_bar":"","ocean_shortcode_before_header":"","ocean_shortcode_after_header":"","ocean_has_shortcode":"","ocean_shortcode_after_title":"","ocean_shortcode_before_footer_widgets":"","ocean_shortcode_after_footer_widgets":"","ocean_shortcode_before_footer_bottom":"","ocean_shortcode_after_footer_bottom":"","ocean_display_top_bar":"off","ocean_display_header":"default","ocean_header_style":"","ocean_center_header_left_menu":"","ocean_custom_header_template":"","ocean_custom_logo":0,"ocean_custom_retina_logo":0,"ocean_custom_logo_max_width":0,"ocean_custom_logo_tablet_max_width":0,"ocean_custom_logo_mobile_max_width":0,"ocean_custom_logo_max_height":0,"ocean_custom_logo_tablet_max_height":0,"ocean_custom_logo_mobile_max_height":0,"ocean_header_custom_menu":"","ocean_menu_typo_font_family":"","ocean_menu_typo_font_subset":"","ocean_menu_typo_font_size":0,"ocean_menu_typo_font_size_tablet":0,"ocean_menu_typo_font_size_mobile":0,"ocean_menu_typo_font_size_unit":"px","ocean_menu_typo_font_weight":"","ocean_menu_typo_font_weight_tablet":"","ocean_menu_typo_font_weight_mobile":"","ocean_menu_typo_transform":"","ocean_menu_typo_transform_tablet":"","ocean_menu_typo_transform_mobile":"","ocean_menu_typo_line_height":0,"ocean_menu_typo_line_height_tablet":0,"ocean_menu_typo_line_height_mobile":0,"ocean_menu_typo_line_height_unit":"","ocean_menu_typo_spacing":0,"ocean_menu_typo_spacing_tablet":0,"ocean_menu_typo_spacing_mobile":0,"ocean_menu_typo_spacing_unit":"","ocean_menu_link_color":"","ocean_menu_link_color_hover":"","ocean_menu_link_color_active":"","ocean_menu_link_background":"","ocean_menu_link_hover_background":"","ocean_menu_link_active_background":"","ocean_menu_social_links_bg":"","ocean_menu_social_hover_links_bg":"","ocean_menu_social_links_color":"","ocean_menu_social_hover_links_color":"","ocean_disable_title":"on","ocean_disable_heading":"default","ocean_post_title":"","ocean_post_subheading":"","ocean_post_title_style":"","ocean_post_title_background_color":"","ocean_post_title_background":0,"ocean_post_title_bg_image_position":"","ocean_post_title_bg_image_attachment":"","ocean_post_title_bg_image_repeat":"","ocean_post_title_bg_image_size":"","ocean_post_title_height":0,"ocean_post_title_bg_overlay":0.5,"ocean_post_title_bg_overlay_color":"","ocean_disable_breadcrumbs":"default","ocean_breadcrumbs_color":"","ocean_breadcrumbs_separator_color":"","ocean_breadcrumbs_links_color":"","ocean_breadcrumbs_links_hover_color":"","ocean_display_footer_widgets":"off","ocean_display_footer_bottom":"off","ocean_custom_footer_template":"","footnotes":""},"class_list":["post-643","page","type-page","status-publish","hentry","entry"],"_links":{"self":[{"href":"https:\/\/bsc-einhausen.de\/cms\/wp-json\/wp\/v2\/pages\/643","targetHints":{"allow":["GET"]}}],"collection":[{"href":"https:\/\/bsc-einhausen.de\/cms\/wp-json\/wp\/v2\/pages"}],"about":[{"href":"https:\/\/bsc-einhausen.de\/cms\/wp-json\/wp\/v2\/types\/page"}],"author":[{"embeddable":true,"href":"https:\/\/bsc-einhausen.de\/cms\/wp-json\/wp\/v2\/users\/1"}],"replies":[{"embeddable":true,"href":"https:\/\/bsc-einhausen.de\/cms\/wp-json\/wp\/v2\/comments?post=643"}],"version-history":[{"count":10,"href":"https:\/\/bsc-einhausen.de\/cms\/wp-json\/wp\/v2\/pages\/643\/revisions"}],"predecessor-version":[{"id":1642,"href":"https:\/\/bsc-einhausen.de\/cms\/wp-json\/wp\/v2\/pages\/643\/revisions\/1642"}],"wp:attachment":[{"href":"https:\/\/bsc-einhausen.de\/cms\/wp-json\/wp\/v2\/media?parent=643"}],"curies":[{"name":"wp","href":"https:\/\/api.w.org\/{rel}","templated":true}]}}